{"id":13,"date":"2024-07-31T07:22:12","date_gmt":"2024-07-31T07:22:12","guid":{"rendered":"https:\/\/a.funds.io.vn\/?page_id=13"},"modified":"2024-07-31T08:32:14","modified_gmt":"2024-07-31T08:32:14","slug":"trang-chu","status":"publish","type":"page","link":"https:\/\/a.funds.io.vn\/","title":{"rendered":"Trang ch\u1ee7"},"content":{"rendered":"\n<div\n    class=\"betterdocs-category-grid-wrapper betterdocs-shortcode\">\n\t<div\n        class=\"betterdocs-category-grid-inner-wrapper layout-1 masonry docs-col-3 single-kb\" data-column_desktop=\"3\" style=\"--column: 3;\">\n        \n<article\n    data-id=\"5\" class=\"betterdocs-single-category-wrapper category-grid default\">\n\t<div class=\"betterdocs-single-category-inner\">\n\t\t\n<div class=\"betterdocs-category-header\">\n    <div class=\"betterdocs-category-header-inner\">\n        \n<div class=\"betterdocs-category-icon\">\n    <img decoding=\"async\" alt=\"betterdocs-category-icon\" class=\"betterdocs-category-icon-img\" src=\"https:\/\/a.funds.io.vn\/wp-content\/plugins\/betterdocs\/assets\/admin\/images\/betterdocs-cat-icon.svg?v=3.6.4\" \/><\/div>\n<h2 class=\"betterdocs-category-title\">\u0110\u1ea7u t\u01b0<\/h2>\n<div data-count=\"5\" class=\"betterdocs-category-items-counts\">\n    <span>\n         5     <\/span>\n<\/div>\n    <\/div>\n<\/div>\n<div class=\"betterdocs-body\">\n<ul class=\"betterdocs-articles-list\">\n    <li><svg version=\"1.1\" id=\"Layer_1\" xmlns=\"http:\/\/www.w3.org\/2000\/svg\" xmlns:xlink=\"http:\/\/www.w3.org\/1999\/xlink\" x=\"0px\" y=\"0px\"\n\t viewBox=\"0 0 100 100\" style=\"enable-background:new 0 0 100 100;\" xml:space=\"preserve\">\n<g id=\"Icon\">\n\t<path class=\"st0\" d=\"M90.6,87c0,3.4-1.3,6.6-3.7,9c-2.4,2.4-5.6,3.7-9,3.7H22.5c-3.4,0-6.6-1.3-9-3.7c-2.4-2.4-3.7-5.6-3.7-9V13.1\n\t\tc0-3.4,1.3-6.6,3.7-9c2.4-2.4,5.6-3.7,9-3.7h39.7c2.1,0,4.2,0.8,5.7,2.4l20.4,20.4c1.5,1.5,2.4,3.6,2.4,5.7V87z M83.7,87V28.9\n\t\tc0-0.3-0.1-0.6-0.3-0.8L62.9,7.7c-0.2-0.2-0.5-0.3-0.8-0.3H22.5c-1.5,0-3,0.6-4.1,1.7c-1.1,1.1-1.7,2.5-1.7,4.1V87\n\t\tc0,1.5,0.6,3,1.7,4.1c1.1,1.1,2.5,1.7,4.1,1.7h55.4c1.5,0,3-0.6,4.1-1.7C83.1,90,83.7,88.6,83.7,87z\"\/>\n\t<path class=\"st0\" d=\"M60.6,6.2c0-1.9,1.6-3.5,3.5-3.5s3.5,1.6,3.5,3.5v16.2c0,0.6,0.5,1.2,1.2,1.2h16.2c1.9,0,3.5,1.6,3.5,3.5\n\t\ts-1.6,3.5-3.5,3.5H68.7c-4.5,0-8.1-3.6-8.1-8.1V6.2z\"\/>\n\t<path class=\"st0\" d=\"M31.7,46.6c-1.9,0-3.5-1.6-3.5-3.5c0-1.9,1.6-3.5,3.5-3.5h36.9c1.9,0,3.5,1.6,3.5,3.5c0,1.9-1.6,3.5-3.5,3.5\n\t\tH31.7z\"\/>\n\t<path class=\"st0\" d=\"M31.7,62.8c-1.9,0-3.5-1.6-3.5-3.5c0-1.9,1.6-3.5,3.5-3.5h36.9c1.9,0,3.5,1.6,3.5,3.5c0,1.9-1.6,3.5-3.5,3.5\n\t\tH31.7z\"\/>\n\t<path class=\"st0\" d=\"M31.7,79c-1.9,0-3.5-1.6-3.5-3.5c0-1.9,1.6-3.5,3.5-3.5h20.8c1.9,0,3.5,1.6,3.5,3.5c0,1.9-1.6,3.5-3.5,3.5\n\t\tH31.7z\"\/>\n<\/g>\n<\/svg>\n<a href=\"https:\/\/a.funds.io.vn\/?docs=ky-thuat-phan-tich-dinh-gia-quyen-chon-thuc-te\"><span>K\u1ef9 thu\u1eadt ph\u00e2n t\u00edch \u0111\u1ecbnh gi\u00e1 quy\u1ec1n ch\u1ecdn th\u1ef1c t\u1ebf<\/span> <\/a><\/li><li><svg version=\"1.1\" id=\"Layer_1\" xmlns=\"http:\/\/www.w3.org\/2000\/svg\" xmlns:xlink=\"http:\/\/www.w3.org\/1999\/xlink\" x=\"0px\" y=\"0px\"\n\t viewBox=\"0 0 100 100\" style=\"enable-background:new 0 0 100 100;\" xml:space=\"preserve\">\n<g id=\"Icon\">\n\t<path class=\"st0\" d=\"M90.6,87c0,3.4-1.3,6.6-3.7,9c-2.4,2.4-5.6,3.7-9,3.7H22.5c-3.4,0-6.6-1.3-9-3.7c-2.4-2.4-3.7-5.6-3.7-9V13.1\n\t\tc0-3.4,1.3-6.6,3.7-9c2.4-2.4,5.6-3.7,9-3.7h39.7c2.1,0,4.2,0.8,5.7,2.4l20.4,20.4c1.5,1.5,2.4,3.6,2.4,5.7V87z M83.7,87V28.9\n\t\tc0-0.3-0.1-0.6-0.3-0.8L62.9,7.7c-0.2-0.2-0.5-0.3-0.8-0.3H22.5c-1.5,0-3,0.6-4.1,1.7c-1.1,1.1-1.7,2.5-1.7,4.1V87\n\t\tc0,1.5,0.6,3,1.7,4.1c1.1,1.1,2.5,1.7,4.1,1.7h55.4c1.5,0,3-0.6,4.1-1.7C83.1,90,83.7,88.6,83.7,87z\"\/>\n\t<path class=\"st0\" d=\"M60.6,6.2c0-1.9,1.6-3.5,3.5-3.5s3.5,1.6,3.5,3.5v16.2c0,0.6,0.5,1.2,1.2,1.2h16.2c1.9,0,3.5,1.6,3.5,3.5\n\t\ts-1.6,3.5-3.5,3.5H68.7c-4.5,0-8.1-3.6-8.1-8.1V6.2z\"\/>\n\t<path class=\"st0\" d=\"M31.7,46.6c-1.9,0-3.5-1.6-3.5-3.5c0-1.9,1.6-3.5,3.5-3.5h36.9c1.9,0,3.5,1.6,3.5,3.5c0,1.9-1.6,3.5-3.5,3.5\n\t\tH31.7z\"\/>\n\t<path class=\"st0\" d=\"M31.7,62.8c-1.9,0-3.5-1.6-3.5-3.5c0-1.9,1.6-3.5,3.5-3.5h36.9c1.9,0,3.5,1.6,3.5,3.5c0,1.9-1.6,3.5-3.5,3.5\n\t\tH31.7z\"\/>\n\t<path class=\"st0\" d=\"M31.7,79c-1.9,0-3.5-1.6-3.5-3.5c0-1.9,1.6-3.5,3.5-3.5h20.8c1.9,0,3.5,1.6,3.5,3.5c0,1.9-1.6,3.5-3.5,3.5\n\t\tH31.7z\"\/>\n<\/g>\n<\/svg>\n<a href=\"https:\/\/a.funds.io.vn\/?docs=ky-thuat-phan-tich-dau-tu-co-ban\"><span>K\u1ef9 thu\u1eadt ph\u00e2n t\u00edch \u0111\u1ea7u t\u01b0 c\u01a1 b\u1ea3n<\/span> <\/a><\/li><li><svg version=\"1.1\" id=\"Layer_1\" xmlns=\"http:\/\/www.w3.org\/2000\/svg\" xmlns:xlink=\"http:\/\/www.w3.org\/1999\/xlink\" x=\"0px\" y=\"0px\"\n\t viewBox=\"0 0 100 100\" style=\"enable-background:new 0 0 100 100;\" xml:space=\"preserve\">\n<g id=\"Icon\">\n\t<path class=\"st0\" d=\"M90.6,87c0,3.4-1.3,6.6-3.7,9c-2.4,2.4-5.6,3.7-9,3.7H22.5c-3.4,0-6.6-1.3-9-3.7c-2.4-2.4-3.7-5.6-3.7-9V13.1\n\t\tc0-3.4,1.3-6.6,3.7-9c2.4-2.4,5.6-3.7,9-3.7h39.7c2.1,0,4.2,0.8,5.7,2.4l20.4,20.4c1.5,1.5,2.4,3.6,2.4,5.7V87z M83.7,87V28.9\n\t\tc0-0.3-0.1-0.6-0.3-0.8L62.9,7.7c-0.2-0.2-0.5-0.3-0.8-0.3H22.5c-1.5,0-3,0.6-4.1,1.7c-1.1,1.1-1.7,2.5-1.7,4.1V87\n\t\tc0,1.5,0.6,3,1.7,4.1c1.1,1.1,2.5,1.7,4.1,1.7h55.4c1.5,0,3-0.6,4.1-1.7C83.1,90,83.7,88.6,83.7,87z\"\/>\n\t<path class=\"st0\" d=\"M60.6,6.2c0-1.9,1.6-3.5,3.5-3.5s3.5,1.6,3.5,3.5v16.2c0,0.6,0.5,1.2,1.2,1.2h16.2c1.9,0,3.5,1.6,3.5,3.5\n\t\ts-1.6,3.5-3.5,3.5H68.7c-4.5,0-8.1-3.6-8.1-8.1V6.2z\"\/>\n\t<path class=\"st0\" d=\"M31.7,46.6c-1.9,0-3.5-1.6-3.5-3.5c0-1.9,1.6-3.5,3.5-3.5h36.9c1.9,0,3.5,1.6,3.5,3.5c0,1.9-1.6,3.5-3.5,3.5\n\t\tH31.7z\"\/>\n\t<path class=\"st0\" d=\"M31.7,62.8c-1.9,0-3.5-1.6-3.5-3.5c0-1.9,1.6-3.5,3.5-3.5h36.9c1.9,0,3.5,1.6,3.5,3.5c0,1.9-1.6,3.5-3.5,3.5\n\t\tH31.7z\"\/>\n\t<path class=\"st0\" d=\"M31.7,79c-1.9,0-3.5-1.6-3.5-3.5c0-1.9,1.6-3.5,3.5-3.5h20.8c1.9,0,3.5,1.6,3.5,3.5c0,1.9-1.6,3.5-3.5,3.5\n\t\tH31.7z\"\/>\n<\/g>\n<\/svg>\n<a href=\"https:\/\/a.funds.io.vn\/?docs=ky-thuat-dinh-gia-co-phieu\"><span>K\u1ef9 thu\u1eadt \u0111\u1ecbnh gi\u00e1 c\u1ed5 phi\u1ebfu<\/span> <\/a><\/li><li><svg version=\"1.1\" id=\"Layer_1\" xmlns=\"http:\/\/www.w3.org\/2000\/svg\" xmlns:xlink=\"http:\/\/www.w3.org\/1999\/xlink\" x=\"0px\" y=\"0px\"\n\t viewBox=\"0 0 100 100\" style=\"enable-background:new 0 0 100 100;\" xml:space=\"preserve\">\n<g id=\"Icon\">\n\t<path class=\"st0\" d=\"M90.6,87c0,3.4-1.3,6.6-3.7,9c-2.4,2.4-5.6,3.7-9,3.7H22.5c-3.4,0-6.6-1.3-9-3.7c-2.4-2.4-3.7-5.6-3.7-9V13.1\n\t\tc0-3.4,1.3-6.6,3.7-9c2.4-2.4,5.6-3.7,9-3.7h39.7c2.1,0,4.2,0.8,5.7,2.4l20.4,20.4c1.5,1.5,2.4,3.6,2.4,5.7V87z M83.7,87V28.9\n\t\tc0-0.3-0.1-0.6-0.3-0.8L62.9,7.7c-0.2-0.2-0.5-0.3-0.8-0.3H22.5c-1.5,0-3,0.6-4.1,1.7c-1.1,1.1-1.7,2.5-1.7,4.1V87\n\t\tc0,1.5,0.6,3,1.7,4.1c1.1,1.1,2.5,1.7,4.1,1.7h55.4c1.5,0,3-0.6,4.1-1.7C83.1,90,83.7,88.6,83.7,87z\"\/>\n\t<path class=\"st0\" d=\"M60.6,6.2c0-1.9,1.6-3.5,3.5-3.5s3.5,1.6,3.5,3.5v16.2c0,0.6,0.5,1.2,1.2,1.2h16.2c1.9,0,3.5,1.6,3.5,3.5\n\t\ts-1.6,3.5-3.5,3.5H68.7c-4.5,0-8.1-3.6-8.1-8.1V6.2z\"\/>\n\t<path class=\"st0\" d=\"M31.7,46.6c-1.9,0-3.5-1.6-3.5-3.5c0-1.9,1.6-3.5,3.5-3.5h36.9c1.9,0,3.5,1.6,3.5,3.5c0,1.9-1.6,3.5-3.5,3.5\n\t\tH31.7z\"\/>\n\t<path class=\"st0\" d=\"M31.7,62.8c-1.9,0-3.5-1.6-3.5-3.5c0-1.9,1.6-3.5,3.5-3.5h36.9c1.9,0,3.5,1.6,3.5,3.5c0,1.9-1.6,3.5-3.5,3.5\n\t\tH31.7z\"\/>\n\t<path class=\"st0\" d=\"M31.7,79c-1.9,0-3.5-1.6-3.5-3.5c0-1.9,1.6-3.5,3.5-3.5h20.8c1.9,0,3.5,1.6,3.5,3.5c0,1.9-1.6,3.5-3.5,3.5\n\t\tH31.7z\"\/>\n<\/g>\n<\/svg>\n<a href=\"https:\/\/a.funds.io.vn\/?docs=ky-thuat-dinh-gia-doanh-nghiep\"><span>K\u1ef9 thu\u1eadt \u0111\u1ecbnh gi\u00e1 Doanh nghi\u1ec7p<\/span> <\/a><\/li><li><svg version=\"1.1\" id=\"Layer_1\" xmlns=\"http:\/\/www.w3.org\/2000\/svg\" xmlns:xlink=\"http:\/\/www.w3.org\/1999\/xlink\" x=\"0px\" y=\"0px\"\n\t viewBox=\"0 0 100 100\" style=\"enable-background:new 0 0 100 100;\" xml:space=\"preserve\">\n<g id=\"Icon\">\n\t<path class=\"st0\" d=\"M90.6,87c0,3.4-1.3,6.6-3.7,9c-2.4,2.4-5.6,3.7-9,3.7H22.5c-3.4,0-6.6-1.3-9-3.7c-2.4-2.4-3.7-5.6-3.7-9V13.1\n\t\tc0-3.4,1.3-6.6,3.7-9c2.4-2.4,5.6-3.7,9-3.7h39.7c2.1,0,4.2,0.8,5.7,2.4l20.4,20.4c1.5,1.5,2.4,3.6,2.4,5.7V87z M83.7,87V28.9\n\t\tc0-0.3-0.1-0.6-0.3-0.8L62.9,7.7c-0.2-0.2-0.5-0.3-0.8-0.3H22.5c-1.5,0-3,0.6-4.1,1.7c-1.1,1.1-1.7,2.5-1.7,4.1V87\n\t\tc0,1.5,0.6,3,1.7,4.1c1.1,1.1,2.5,1.7,4.1,1.7h55.4c1.5,0,3-0.6,4.1-1.7C83.1,90,83.7,88.6,83.7,87z\"\/>\n\t<path class=\"st0\" d=\"M60.6,6.2c0-1.9,1.6-3.5,3.5-3.5s3.5,1.6,3.5,3.5v16.2c0,0.6,0.5,1.2,1.2,1.2h16.2c1.9,0,3.5,1.6,3.5,3.5\n\t\ts-1.6,3.5-3.5,3.5H68.7c-4.5,0-8.1-3.6-8.1-8.1V6.2z\"\/>\n\t<path class=\"st0\" d=\"M31.7,46.6c-1.9,0-3.5-1.6-3.5-3.5c0-1.9,1.6-3.5,3.5-3.5h36.9c1.9,0,3.5,1.6,3.5,3.5c0,1.9-1.6,3.5-3.5,3.5\n\t\tH31.7z\"\/>\n\t<path class=\"st0\" d=\"M31.7,62.8c-1.9,0-3.5-1.6-3.5-3.5c0-1.9,1.6-3.5,3.5-3.5h36.9c1.9,0,3.5,1.6,3.5,3.5c0,1.9-1.6,3.5-3.5,3.5\n\t\tH31.7z\"\/>\n\t<path class=\"st0\" d=\"M31.7,79c-1.9,0-3.5-1.6-3.5-3.5c0-1.9,1.6-3.5,3.5-3.5h20.8c1.9,0,3.5,1.6,3.5,3.5c0,1.9-1.6,3.5-3.5,3.5\n\t\tH31.7z\"\/>\n<\/g>\n<\/svg>\n<a href=\"https:\/\/a.funds.io.vn\/?docs=tong-quan-chung\"><span>T\u1ed5ng quan chung<\/span> <\/a><\/li><\/ul>\n<\/div>\n<div class=\"betterdocs-footer\">\n    \n<a class=\"docs-cat-link-btn betterdocs-category-link-btn\" href=\"https:\/\/a.funds.io.vn\/?doc_category=dau-tu\">\n    Explore More<\/a>\n<\/div>\n\t<\/div>\n<\/article>\n\n<article\n    data-id=\"4\" class=\"betterdocs-single-category-wrapper category-grid default\">\n\t<div class=\"betterdocs-single-category-inner\">\n\t\t\n<div class=\"betterdocs-category-header\">\n    <div class=\"betterdocs-category-header-inner\">\n        \n<div class=\"betterdocs-category-icon\">\n    <img decoding=\"async\" alt=\"betterdocs-category-icon\" class=\"betterdocs-category-icon-img\" src=\"https:\/\/a.funds.io.vn\/wp-content\/plugins\/betterdocs\/assets\/admin\/images\/betterdocs-cat-icon.svg?v=3.6.4\" \/><\/div>\n<h2 class=\"betterdocs-category-title\">K\u1ebf to\u00e1n (l\u01b0u tr\u1eef h\u1ed3 s\u01a1 t\u00e0i ch\u00ednh)<\/h2>\n<div data-count=\"1\" class=\"betterdocs-category-items-counts\">\n    <span>\n         1     <\/span>\n<\/div>\n    <\/div>\n<\/div>\n<div class=\"betterdocs-body\">\n<ul class=\"betterdocs-articles-list\">\n    <li><svg version=\"1.1\" id=\"Layer_1\" xmlns=\"http:\/\/www.w3.org\/2000\/svg\" xmlns:xlink=\"http:\/\/www.w3.org\/1999\/xlink\" x=\"0px\" y=\"0px\"\n\t viewBox=\"0 0 100 100\" style=\"enable-background:new 0 0 100 100;\" xml:space=\"preserve\">\n<g id=\"Icon\">\n\t<path class=\"st0\" d=\"M90.6,87c0,3.4-1.3,6.6-3.7,9c-2.4,2.4-5.6,3.7-9,3.7H22.5c-3.4,0-6.6-1.3-9-3.7c-2.4-2.4-3.7-5.6-3.7-9V13.1\n\t\tc0-3.4,1.3-6.6,3.7-9c2.4-2.4,5.6-3.7,9-3.7h39.7c2.1,0,4.2,0.8,5.7,2.4l20.4,20.4c1.5,1.5,2.4,3.6,2.4,5.7V87z M83.7,87V28.9\n\t\tc0-0.3-0.1-0.6-0.3-0.8L62.9,7.7c-0.2-0.2-0.5-0.3-0.8-0.3H22.5c-1.5,0-3,0.6-4.1,1.7c-1.1,1.1-1.7,2.5-1.7,4.1V87\n\t\tc0,1.5,0.6,3,1.7,4.1c1.1,1.1,2.5,1.7,4.1,1.7h55.4c1.5,0,3-0.6,4.1-1.7C83.1,90,83.7,88.6,83.7,87z\"\/>\n\t<path class=\"st0\" d=\"M60.6,6.2c0-1.9,1.6-3.5,3.5-3.5s3.5,1.6,3.5,3.5v16.2c0,0.6,0.5,1.2,1.2,1.2h16.2c1.9,0,3.5,1.6,3.5,3.5\n\t\ts-1.6,3.5-3.5,3.5H68.7c-4.5,0-8.1-3.6-8.1-8.1V6.2z\"\/>\n\t<path class=\"st0\" d=\"M31.7,46.6c-1.9,0-3.5-1.6-3.5-3.5c0-1.9,1.6-3.5,3.5-3.5h36.9c1.9,0,3.5,1.6,3.5,3.5c0,1.9-1.6,3.5-3.5,3.5\n\t\tH31.7z\"\/>\n\t<path class=\"st0\" d=\"M31.7,62.8c-1.9,0-3.5-1.6-3.5-3.5c0-1.9,1.6-3.5,3.5-3.5h36.9c1.9,0,3.5,1.6,3.5,3.5c0,1.9-1.6,3.5-3.5,3.5\n\t\tH31.7z\"\/>\n\t<path class=\"st0\" d=\"M31.7,79c-1.9,0-3.5-1.6-3.5-3.5c0-1.9,1.6-3.5,3.5-3.5h20.8c1.9,0,3.5,1.6,3.5,3.5c0,1.9-1.6,3.5-3.5,3.5\n\t\tH31.7z\"\/>\n<\/g>\n<\/svg>\n<a href=\"https:\/\/a.funds.io.vn\/?docs=kiem-toan\"><span>Ki\u1ec3m to\u00e1n<\/span> <\/a><\/li><\/ul>\n<\/div>\n<div class=\"betterdocs-footer\">\n    \n<a class=\"docs-cat-link-btn betterdocs-category-link-btn\" href=\"https:\/\/a.funds.io.vn\/?doc_category=ke-toan-luu-tru-ho-so-tai-chinh\">\n    Explore More<\/a>\n<\/div>\n\t<\/div>\n<\/article>\n\t<\/div>\n        <div class=\"clearfix\"><\/div>\n    <\/div>\n\n","protected":false},"excerpt":{"rendered":"","protected":false},"author":1,"featured_media":0,"parent":0,"menu_order":0,"comment_status":"closed","ping_status":"closed","template":"","meta":{"footnotes":""},"class_list":["post-13","page","type-page","status-publish","hentry"],"_links":{"self":[{"href":"https:\/\/a.funds.io.vn\/index.php?rest_route=\/wp\/v2\/pages\/13","targetHints":{"allow":["GET"]}}],"collection":[{"href":"https:\/\/a.funds.io.vn\/index.php?rest_route=\/wp\/v2\/pages"}],"about":[{"href":"https:\/\/a.funds.io.vn\/index.php?rest_route=\/wp\/v2\/types\/page"}],"author":[{"embeddable":true,"href":"https:\/\/a.funds.io.vn\/index.php?rest_route=\/wp\/v2\/users\/1"}],"replies":[{"embeddable":true,"href":"https:\/\/a.funds.io.vn\/index.php?rest_route=%2Fwp%2Fv2%2Fcomments&post=13"}],"version-history":[{"count":3,"href":"https:\/\/a.funds.io.vn\/index.php?rest_route=\/wp\/v2\/pages\/13\/revisions"}],"predecessor-version":[{"id":22,"href":"https:\/\/a.funds.io.vn\/index.php?rest_route=\/wp\/v2\/pages\/13\/revisions\/22"}],"wp:attachment":[{"href":"https:\/\/a.funds.io.vn\/index.php?rest_route=%2Fwp%2Fv2%2Fmedia&parent=13"}],"curies":[{"name":"wp","href":"https:\/\/api.w.org\/{rel}","templated":true}]}}